{"id":643,"date":"2018-12-02T12:21:09","date_gmt":"2018-12-02T12:21:09","guid":{"rendered":"http:\/\/fakultaetentag-sportwissenschaft.de\/?page_id=643"},"modified":"2023-03-15T12:38:28","modified_gmt":"2023-03-15T12:38:28","slug":"vorstand-fs-nrw","status":"publish","type":"page","link":"https:\/\/fakultaetentag-sportwissenschaft.de\/index.php\/vorstand-fs-nrw\/","title":{"rendered":"Vorstand FS NRW"},"content":{"rendered":"<p><a href=\"http:\/\/fakultaetentag-sportwissenschaft.de\/wp-content\/uploads\/2023\/03\/D3083_Foto.tiff\"><img decoding=\"async\" class=\"alignright size-full wp-image-1212\" src=\"http:\/\/fakultaetentag-sportwissenschaft.de\/wp-content\/uploads\/2023\/03\/D3083_Foto.tiff\" alt=\"\" \/><\/a>Die folgenden Vorstandsmitglieder sind f\u00fcr die Amtszeit von 2022-2024 gew\u00e4hlt.<\/p>\n<table style=\"border: none;\" cellpadding=\"10\">\n<tbody>\n<tr>\n<td style=\"border: none;\"><a href=\"http:\/\/fakultaetentag-sportwissenschaft.de\/wp-content\/uploads\/2020\/06\/thomas-jaitner-tu-dortmund.jpg\"><img loading=\"lazy\" decoding=\"async\" class=\"wp-image-965 alignleft\" src=\"http:\/\/fakultaetentag-sportwissenschaft.de\/wp-content\/uploads\/2020\/06\/thomas-jaitner-tu-dortmund-216x300.jpg\" alt=\"\" width=\"187\" height=\"260\" srcset=\"https:\/\/fakultaetentag-sportwissenschaft.de\/wp-content\/uploads\/2020\/06\/thomas-jaitner-tu-dortmund-216x300.jpg 216w, https:\/\/fakultaetentag-sportwissenschaft.de\/wp-content\/uploads\/2020\/06\/thomas-jaitner-tu-dortmund-768x1066.jpg 768w, https:\/\/fakultaetentag-sportwissenschaft.de\/wp-content\/uploads\/2020\/06\/thomas-jaitner-tu-dortmund-738x1024.jpg 738w, https:\/\/fakultaetentag-sportwissenschaft.de\/wp-content\/uploads\/2020\/06\/thomas-jaitner-tu-dortmund.jpg 922w\" sizes=\"auto, (max-width: 187px) 100vw, 187px\" \/><\/a><\/td>\n<td style=\"vertical-align: middle; padding: 10px; border: none;\"><strong>Stellvertretender Vorsitzender<\/strong><\/p>\n<p><a href=\"https:\/\/www.sport.tu-dortmund.de\/sport\/index.php?page=show_dozent&amp;id=163\">Prof. Dr. Thomas Jaitner<\/a><\/p>\n<p>Institut f\u00fcr Sport und Sportwissenschaft<\/p>\n<p>Technische Universit\u00e4t Dortmund<\/td>\n<\/tr>\n<tr>\n<td style=\"border: none;\"><\/td>\n<td style=\"border: none;\"><\/td>\n<\/tr>\n<tr>\n<td style=\"border: none;\"><a href=\"http:\/\/fakultaetentag-sportwissenschaft.de\/wp-content\/uploads\/2023\/03\/D3083_Foto-1.tiff\"><img decoding=\"async\" class=\"alignright size-full wp-image-1213\" src=\"http:\/\/fakultaetentag-sportwissenschaft.de\/wp-content\/uploads\/2023\/03\/D3083_Foto-1.tiff\" alt=\"\" \/><\/a><a href=\"http:\/\/fakultaetentag-sportwissenschaft.de\/wp-content\/uploads\/2023\/03\/D3083_Foto.png\"><img loading=\"lazy\" decoding=\"async\" class=\"wp-image-1214 alignleft\" src=\"http:\/\/fakultaetentag-sportwissenschaft.de\/wp-content\/uploads\/2023\/03\/D3083_Foto.png\" alt=\"\" width=\"306\" height=\"204\" srcset=\"https:\/\/fakultaetentag-sportwissenschaft.de\/wp-content\/uploads\/2023\/03\/D3083_Foto.png 1280w, https:\/\/fakultaetentag-sportwissenschaft.de\/wp-content\/uploads\/2023\/03\/D3083_Foto-300x200.png 300w, https:\/\/fakultaetentag-sportwissenschaft.de\/wp-content\/uploads\/2023\/03\/D3083_Foto-1024x682.png 1024w, https:\/\/fakultaetentag-sportwissenschaft.de\/wp-content\/uploads\/2023\/03\/D3083_Foto-768x512.png 768w\" sizes=\"auto, (max-width: 306px) 100vw, 306px\" \/><\/a><\/td>\n<td style=\"border: none;\"><a href=\"http:\/\/fakultaetentag-sportwissenschaft.de\/wp-content\/uploads\/2020\/06\/Abel_Thomas_cropped.jpg\"><img loading=\"lazy\" decoding=\"async\" class=\"wp-image-964 alignleft\" src=\"http:\/\/fakultaetentag-sportwissenschaft.de\/wp-content\/uploads\/2020\/06\/Abel_Thomas_cropped-206x300.jpg\" alt=\"\" width=\"178\" height=\"260\" srcset=\"https:\/\/fakultaetentag-sportwissenschaft.de\/wp-content\/uploads\/2020\/06\/Abel_Thomas_cropped-206x300.jpg 206w, https:\/\/fakultaetentag-sportwissenschaft.de\/wp-content\/uploads\/2020\/06\/Abel_Thomas_cropped.jpg 360w\" sizes=\"auto, (max-width: 178px) 100vw, 178px\" \/><\/a><\/td>\n<\/tr>\n<tr>\n<td style=\"border: none;\"><\/td>\n<td style=\"border: none;\"><\/td>\n<\/tr>\n<tr>\n<td style=\"border: none;\"><\/td>\n<td style=\"border: none; padding: 10px;\"><\/td>\n<\/tr>\n<tr>\n<td style=\"border: none;\"><\/td>\n<td style=\"border: none;\"><\/td>\n<\/tr>\n<tr>\n<td style=\"border: none;\"><strong>Stellvertretende Vorsitzende\u00a0<\/strong><\/p>\n<p><a href=\"https:\/\/www.uni-paderborn.de\/person\/129\/\">Prof.\u00a0 Dr. Miriam Kehne<\/a><\/p>\n<p>Institut for Sport und Gesundheit<\/p>\n<p>Universit\u00e4t Paderborn<\/p>\n<p>&nbsp;<\/td>\n<td style=\"border: none; padding: 10px;\"><strong>Stellvertretender Vorsitzender<\/strong><\/p>\n<p><a href=\"https:\/\/fis.dshs-koeln.de\/portal\/de\/persons\/thomas-abel(e5747ab5-d314-4cf7-a173-f7920309eebd).html\">Univ.-Prof. Dr. Thomas Abel<\/a><\/p>\n<p>Institut f\u00fcr Bewegungs- und Neurowissenschaft<\/p>\n<p>Deutsche Sporthochschule K\u00f6ln<\/p>\n<p>&nbsp;<\/td>\n<\/tr>\n<\/tbody>\n<\/table>\n<h2><\/h2>\n<h1><\/h1>\n<h1>Ziele des Vorstands<\/h1>\n<hr \/>\n<p>In Abstimmung mit dem Fakult\u00e4tentag Sportwissenschaft NRW setzt sich der Vorstand f\u00fcr seine Amtszeit folgende Ziele:<\/p>\n<ul>\n<li>Sichtbarkeit der sportwissenschaftlichen Einrichtungen in NRW<\/li>\n<li>Zusammenarbeit der sportwissenschaftlichen Einrichtungen in NRW (politisch und operativ)<\/li>\n<li>Entwicklung und Umsetzung eines Konzepts zur Qualifikation von Sportlehrkr\u00e4ften in der Grundschule in NRW<\/li>\n<li>Einrichtung eines NRW-Forschungsverbunds Kinder- und Jugendsport<\/li>\n<li>Verstetigung des Sportwissenschaftspreises NRW<\/li>\n<li>Stellungnahmen zu fachlichen und gesellschaftspolitischen Themen<\/li>\n<\/ul>\n","protected":false},"excerpt":{"rendered":"<p>Die folgenden Vorstandsmitglieder sind f\u00fcr die Amtszeit von 2022-2024 gew\u00e4hlt. Stellvertretender Vorsitzender Prof. Dr. Thomas Jaitner Institut f\u00fcr Sport und Sportwissenschaft Technische Universit\u00e4t Dortmund Stellvertretende Vorsitzende\u00a0 Prof.\u00a0 Dr. Miriam Kehne Institut for Sport und Gesundheit Universit\u00e4t Paderborn &nbsp; Stellvertretender Vorsitzender Univ.-Prof. Dr. Thomas Abel Institut f\u00fcr Bewegungs- und Neurowissenschaft Deutsche Sporthochschule K\u00f6ln &nbsp; Ziele des <span class=\"ellipsis\">&hellip;<\/span> <span class=\"more-link-wrap\"><a href=\"https:\/\/fakultaetentag-sportwissenschaft.de\/index.php\/vorstand-fs-nrw\/\" class=\"more-link\"><span>Read More &rarr;<\/span><\/a><\/span><\/p>\n","protected":false},"author":2,"featured_media":0,"parent":0,"menu_order":0,"comment_status":"closed","ping_status":"closed","template":"","meta":{"footnotes":""},"class_list":["post-643","page","type-page","status-publish","hentry"],"_links":{"self":[{"href":"https:\/\/fakultaetentag-sportwissenschaft.de\/index.php\/wp-json\/wp\/v2\/pages\/643","targetHints":{"allow":["GET"]}}],"collection":[{"href":"https:\/\/fakultaetentag-sportwissenschaft.de\/index.php\/wp-json\/wp\/v2\/pages"}],"about":[{"href":"https:\/\/fakultaetentag-sportwissenschaft.de\/index.php\/wp-json\/wp\/v2\/types\/page"}],"author":[{"embeddable":true,"href":"https:\/\/fakultaetentag-sportwissenschaft.de\/index.php\/wp-json\/wp\/v2\/users\/2"}],"replies":[{"embeddable":true,"href":"https:\/\/fakultaetentag-sportwissenschaft.de\/index.php\/wp-json\/wp\/v2\/comments?post=643"}],"version-history":[{"count":12,"href":"https:\/\/fakultaetentag-sportwissenschaft.de\/index.php\/wp-json\/wp\/v2\/pages\/643\/revisions"}],"predecessor-version":[{"id":1215,"href":"https:\/\/fakultaetentag-sportwissenschaft.de\/index.php\/wp-json\/wp\/v2\/pages\/643\/revisions\/1215"}],"wp:attachment":[{"href":"https:\/\/fakultaetentag-sportwissenschaft.de\/index.php\/wp-json\/wp\/v2\/media?parent=643"}],"curies":[{"name":"wp","href":"https:\/\/api.w.org\/{rel}","templated":true}]}}