{"id":627,"date":"2018-11-30T00:03:05","date_gmt":"2018-11-30T00:03:05","guid":{"rendered":"http:\/\/fakultaetentag-sportwissenschaft.de\/?page_id=627"},"modified":"2021-05-25T08:19:52","modified_gmt":"2021-05-25T08:19:52","slug":"mitglieder-fs-nrw","status":"publish","type":"page","link":"https:\/\/fakultaetentag-sportwissenschaft.de\/index.php\/mitglieder-fs-nrw\/","title":{"rendered":"Mitglieder FS NRW"},"content":{"rendered":"<p><a href=\"http:\/\/fakultaetentag-sportwissenschaft.de\/wp-content\/uploads\/2018\/11\/fs_nrw_logo_rechteck.png\"><img loading=\"lazy\" decoding=\"async\" class=\"alignright wp-image-610\" src=\"http:\/\/fakultaetentag-sportwissenschaft.de\/wp-content\/uploads\/2018\/11\/fs_nrw_logo_rechteck-300x135.png\" alt=\"Logo der Landeskonferent des Fakult\u00e4tentages Sportwissenschaft in Nordrhein-Westfalen\" width=\"249\" height=\"112\" srcset=\"https:\/\/fakultaetentag-sportwissenschaft.de\/wp-content\/uploads\/2018\/11\/fs_nrw_logo_rechteck-300x135.png 300w, https:\/\/fakultaetentag-sportwissenschaft.de\/wp-content\/uploads\/2018\/11\/fs_nrw_logo_rechteck.png 360w\" sizes=\"auto, (max-width: 249px) 100vw, 249px\" \/><\/a><\/p>\n<p>Hier finden Sie eine \u00dcbersicht aller Mitglieder des Fakult\u00e4tentags Sportwissenschaft Nordrhein-Westfallen mit Ansprechpartnern und Anschriften der Einrichtungen.<\/p>\n<p>Um sich \u00fcber die M\u00f6glichkeiten einer Mitgliedschaft im Fakult\u00e4tentag Sportwissenschaft zu informieren, kontaktieren Sie bitte den <a href=\"http:\/\/fakultaetentag-sportwissenschaft.de\/index.php\/vorstand-fs-nrw\/\">Vorstand<\/a>.<\/p>\n<h3>Tabellarische Aufz\u00e4hlung der Mitglieder (Stand: 21. Mai 2021)<\/h3>\n<table style=\"width: 100%; margin: 0 auto 0 auto;\" cellspacing=\"0\" cellpadding=\"0\">\n<tbody>\n<tr style=\"background-color: #dadada;\">\n<th class=\"border_left\" style=\"width: 80px; text-align: left;\"><strong>Ort<\/strong><\/th>\n<th style=\"width: 180px; text-align: left;\"><strong>Einrichtung<\/strong><\/th>\n<th style=\"width: 180px;\"><strong>Ansprechpartner<\/strong><\/th>\n<\/tr>\n<tr>\n<td class=\"border_left\">Bielefeld<\/td>\n<td>Universit\u00e4t Bielefeld<br \/>\n<a href=\"http:\/\/www.uni-bielefeld.de\/sport\/index.html\">Fakult\u00e4t f\u00fcr Psychologie und Sportwissenschaft<\/a><br \/>\nPostfach 10 01 31<br \/>\n33501 Bielefeld<\/td>\n<td>Prodekan\/Abteilungssprecher<br \/>\nProf. Dr. Bernd Gr\u00f6ben<br \/>\n0521\/106 2040<br \/>\n<a href=\"mailto:bernd.groeben@uni-bielefeld.de\">bernd.groeben@uni-bielefeld.de<\/a><\/td>\n<\/tr>\n<tr>\n<td class=\"border_left\">Bochum<\/td>\n<td>Ruhr-Universit\u00e4t Bochum<br \/>\n<a href=\"http:\/\/www.spowiss.rub.de\/index.html\">Fakult\u00e4t f\u00fcr Sportwissenschaft<\/a><br \/>\nGesundheitscampus Nord 10<br \/>\n44801 Bochum<\/td>\n<td>Dekanin<br \/>\nProf. Dr. Petra Platen<br \/>\n0234\/32 24099<br \/>\n<a href=\"mailto:petra.platen@rub.de\">petra.platen@rub.de<\/a><\/td>\n<\/tr>\n<tr>\n<td class=\"border_left\">Dortmund<\/td>\n<td>Technische Universit\u00e4t Dortmund<br \/>\n<a href=\"https:\/\/www.sport.tu-dortmund.de\/sport\/index.php\">Institut f\u00fcr Sport und Sportwissenschaft<\/a><br \/>\nOtto-Hahn-Stra\u00dfe 3<br \/>\n44227 Dortmund<\/td>\n<td>Gesch\u00e4ftsf\u00fchrender Direktor<br \/>\nProf. Dr. Thomas Jaitner<br \/>\n0231\/755 2148<br \/>\n<a href=\"mailto:thomas.jaitner@tu- dortmund.de\">thomas.jaitner@tu-dortmund.de<\/a><\/td>\n<\/tr>\n<tr>\n<td class=\"border_left\">Duisburg-Essen<\/td>\n<td>Universit\u00e4t Duisburg-Essen<br \/>\n<a href=\"https:\/\/www.uni-due.de\/sport-und-bewegungswissenschaften\/\">Institut f\u00fcr Sport- und Bewegungswissenschaft<\/a><br \/>\nGladbecker Str. 182<br \/>\n45141 Essen<\/td>\n<td>Gesch\u00e4ftsf\u00fchrender Direktor<br \/>\nProf. Dr. Michael Pfitzner<br \/>\n0201\/183 7227<br \/>\n<a href=\"mailto:institutsleitung.isbw@uni- due.de\">institutsleitung.isbw@uni-<br \/>\ndue.de<\/a><\/td>\n<\/tr>\n<tr>\n<td class=\"border_left\">K\u00f6ln<\/td>\n<td><a href=\"https:\/\/www.dshs-koeln.de\/\">Deutsche Sporthochschule K\u00f6ln (DSHS)<\/a><br \/>\nAm Sportpark M\u00fcngersdorf 6<br \/>\n50933 K\u00f6ln<\/td>\n<td>Rektor<br \/>\nProf. Dr. Heiko Str\u00fcder<br \/>\n0221\/4982 2000<br \/>\n<a href=\"mailto:strueder@dshs-koeln.de\">strueder@dshs-koeln.de<\/a><\/td>\n<\/tr>\n<tr>\n<td class=\"border_left\">M\u00fcnster<\/td>\n<td>Westf\u00e4lische Wilhelms-Universit\u00e4t M\u00fcnster<br \/>\n<a href=\"https:\/\/www.uni-muenster.de\/Sportwissenschaft\/\">Institut f\u00fcr Sportwissenschaft<\/a><br \/>\nHorstmarer Landweg 62 b<br \/>\n48149 M\u00fcnster<\/td>\n<td>Gesch\u00e4ftsf\u00fchrender Direktor<br \/>\nProf. Dr. Nils Neuber<br \/>\n0251\/83 32361<br \/>\n<a href=\"mailto:Nils.Neuber@uni-muenster.de\">Nils.Neuber@uni-muenster.de<\/a><\/td>\n<\/tr>\n<tr>\n<td class=\"border_left\">Paderborn<\/td>\n<td>Universit\u00e4t Paderborn<br \/>\n<a href=\"https:\/\/sug.uni-paderborn.de\/\">Department f\u00fcr Sport &amp; Gesundheit<\/a><br \/>\nWarburger Stra\u00dfe 100<br \/>\n33098 Paderborn<\/td>\n<td>Gesch\u00e4ftsf\u00fchrender Direktor<br \/>\nProf. Dr. Jochen Baumeister<br \/>\n05251\/60 3200<br \/>\n<a href=\"mailto:jochen.baumeister@uni- paderborn.de\">jochen.baumeister@uni-paderborn.de<\/a><\/td>\n<\/tr>\n<tr>\n<td class=\"border_left\">Wuppertal<\/td>\n<td>Bergische Universit\u00e4t Wuppertal<br \/>\n<a href=\"https:\/\/www.sportwissenschaft.uni-wuppertal.de\/home.html\">Institut f\u00fcr Sportwissenschaft<\/a><br \/>\nFuhlrottstr. 10<br \/>\n42119 Wuppertal<\/td>\n<td>Institutssprecher<br \/>\nProf. Dr. Eckart Balz<br \/>\n0202\/439 3127<br \/>\n<a href=\"mailto:ebalz@uni-wuppertal.de\">ebalz@uni-wuppertal.de<\/a><\/td>\n<\/tr>\n<\/tbody>\n<\/table>\n<p>&nbsp;<\/p>\n","protected":false},"excerpt":{"rendered":"<p>Hier finden Sie eine \u00dcbersicht aller Mitglieder des Fakult\u00e4tentags Sportwissenschaft Nordrhein-Westfallen mit Ansprechpartnern und Anschriften der Einrichtungen. Um sich \u00fcber die M\u00f6glichkeiten einer Mitgliedschaft im Fakult\u00e4tentag Sportwissenschaft zu informieren, kontaktieren Sie bitte den Vorstand. Tabellarische Aufz\u00e4hlung der Mitglieder (Stand: 21. Mai 2021) Ort Einrichtung Ansprechpartner Bielefeld Universit\u00e4t Bielefeld Fakult\u00e4t f\u00fcr Psychologie und Sportwissenschaft Postfach 10 <span class=\"ellipsis\">&hellip;<\/span> <span class=\"more-link-wrap\"><a href=\"https:\/\/fakultaetentag-sportwissenschaft.de\/index.php\/mitglieder-fs-nrw\/\" class=\"more-link\"><span>Read More &rarr;<\/span><\/a><\/span><\/p>\n","protected":false},"author":2,"featured_media":0,"parent":0,"menu_order":0,"comment_status":"closed","ping_status":"closed","template":"","meta":{"footnotes":""},"class_list":["post-627","page","type-page","status-publish","hentry"],"_links":{"self":[{"href":"https:\/\/fakultaetentag-sportwissenschaft.de\/index.php\/wp-json\/wp\/v2\/pages\/627","targetHints":{"allow":["GET"]}}],"collection":[{"href":"https:\/\/fakultaetentag-sportwissenschaft.de\/index.php\/wp-json\/wp\/v2\/pages"}],"about":[{"href":"https:\/\/fakultaetentag-sportwissenschaft.de\/index.php\/wp-json\/wp\/v2\/types\/page"}],"author":[{"embeddable":true,"href":"https:\/\/fakultaetentag-sportwissenschaft.de\/index.php\/wp-json\/wp\/v2\/users\/2"}],"replies":[{"embeddable":true,"href":"https:\/\/fakultaetentag-sportwissenschaft.de\/index.php\/wp-json\/wp\/v2\/comments?post=627"}],"version-history":[{"count":16,"href":"https:\/\/fakultaetentag-sportwissenschaft.de\/index.php\/wp-json\/wp\/v2\/pages\/627\/revisions"}],"predecessor-version":[{"id":656,"href":"https:\/\/fakultaetentag-sportwissenschaft.de\/index.php\/wp-json\/wp\/v2\/pages\/627\/revisions\/656"}],"wp:attachment":[{"href":"https:\/\/fakultaetentag-sportwissenschaft.de\/index.php\/wp-json\/wp\/v2\/media?parent=627"}],"curies":[{"name":"wp","href":"https:\/\/api.w.org\/{rel}","templated":true}]}}