{"id":623,"date":"2018-11-29T23:40:54","date_gmt":"2018-11-29T23:40:54","guid":{"rendered":"http:\/\/fakultaetentag-sportwissenschaft.de\/?page_id=623"},"modified":"2020-06-12T17:09:00","modified_gmt":"2020-06-12T17:09:00","slug":"aufgaben-des-fs-nrw","status":"publish","type":"page","link":"https:\/\/fakultaetentag-sportwissenschaft.de\/index.php\/aufgaben-des-fs-nrw\/","title":{"rendered":"Aufgaben FS NRW"},"content":{"rendered":"<p>Der Fakult\u00e4tentag Sportwissenschaft NRW ist die Vereinigung der Sportwissenschaftlichen Hochschuleinrichtungen (Universit\u00e4ten, Fachbereiche, Institute, Abteilungen) der Universit\u00e4ten und wissenschaftlichen Hochschulen in Nordrhein-Westfalen.<\/p>\n<p>Der Fakult\u00e4tentag Sportwissenschaft NRW vertritt gemeinsame Interessen der sportwissenschaftlichen Hochschuleinrichtungen gegen\u00fcber staatlichen und nicht-staatlichen Institutionen in Nordrhein-Westfalen, insbesondere gegen\u00fcber den zust\u00e4ndigen Ministerien.<\/p>\n<p>Aufgaben des Fakult\u00e4tentags Sportwissenschaft NRW sind Informationsaustausch und gegenseitige Beratung sowie die Wahrnehmung gemeinsamer Interessen in Forschung, Lehre, Hochschulrecht und Hochschulpolitik. Der \u201eFakult\u00e4tentag Sportwissenschaft NRW\u201c hat weiter die Aufgabe, an der Entwicklung der nordrhein-westf\u00e4lischen Hochschulen im Bereich der Sportwissenschaft koordinierend mitzuwirken.<\/p>\n<p>Im November 2019 hat der Fakult\u00e4tentag NRW eine AG zum &#8220;Forschungsverbund Kinder- und Jugendpsort NRW&#8221; eingesetzt. Der Verbund\u00a0 zielt auf die\u00a0B\u00fcndelung der landesweiten Bestrebungen zur Kinder- und Jugendsportforschung, den\u00a0Aufbau einer kontinuierlichen Kinder- und Jugendsportberichterstattung, die\u00a0Initiierung und Unterst\u00fctzung von Forschungsprojekten zur Kinder- und Jugendsportforschung sowie die\u00a0F\u00f6rderung des Dialogs zwischen Forschung und Gesellschaft, insbesondere zwischen Wissenschaft, Praxis und Politik.\u00a0Dem Verbund geh\u00f6ren Vertreter alle acht NRW-Standorte an. Die Gesch\u00e4ftsstelle des Forschungsverbundes liegt beim Institut f\u00fcr Sportwissenschaft der Universit\u00e4t M\u00fcnster.<\/p>\n","protected":false},"excerpt":{"rendered":"<p>Der Fakult\u00e4tentag Sportwissenschaft NRW ist die Vereinigung der Sportwissenschaftlichen Hochschuleinrichtungen (Universit\u00e4ten, Fachbereiche, Institute, Abteilungen) der Universit\u00e4ten und wissenschaftlichen Hochschulen in Nordrhein-Westfalen. Der Fakult\u00e4tentag Sportwissenschaft NRW vertritt gemeinsame Interessen der sportwissenschaftlichen Hochschuleinrichtungen gegen\u00fcber staatlichen und nicht-staatlichen Institutionen in Nordrhein-Westfalen, insbesondere gegen\u00fcber den zust\u00e4ndigen Ministerien. Aufgaben des Fakult\u00e4tentags Sportwissenschaft NRW sind Informationsaustausch und gegenseitige Beratung sowie die <span class=\"ellipsis\">&hellip;<\/span> <span class=\"more-link-wrap\"><a href=\"https:\/\/fakultaetentag-sportwissenschaft.de\/index.php\/aufgaben-des-fs-nrw\/\" class=\"more-link\"><span>Read More &rarr;<\/span><\/a><\/span><\/p>\n","protected":false},"author":2,"featured_media":0,"parent":0,"menu_order":0,"comment_status":"closed","ping_status":"closed","template":"","meta":{"footnotes":""},"class_list":["post-623","page","type-page","status-publish","hentry"],"_links":{"self":[{"href":"https:\/\/fakultaetentag-sportwissenschaft.de\/index.php\/wp-json\/wp\/v2\/pages\/623","targetHints":{"allow":["GET"]}}],"collection":[{"href":"https:\/\/fakultaetentag-sportwissenschaft.de\/index.php\/wp-json\/wp\/v2\/pages"}],"about":[{"href":"https:\/\/fakultaetentag-sportwissenschaft.de\/index.php\/wp-json\/wp\/v2\/types\/page"}],"author":[{"embeddable":true,"href":"https:\/\/fakultaetentag-sportwissenschaft.de\/index.php\/wp-json\/wp\/v2\/users\/2"}],"replies":[{"embeddable":true,"href":"https:\/\/fakultaetentag-sportwissenschaft.de\/index.php\/wp-json\/wp\/v2\/comments?post=623"}],"version-history":[{"count":4,"href":"https:\/\/fakultaetentag-sportwissenschaft.de\/index.php\/wp-json\/wp\/v2\/pages\/623\/revisions"}],"predecessor-version":[{"id":942,"href":"https:\/\/fakultaetentag-sportwissenschaft.de\/index.php\/wp-json\/wp\/v2\/pages\/623\/revisions\/942"}],"wp:attachment":[{"href":"https:\/\/fakultaetentag-sportwissenschaft.de\/index.php\/wp-json\/wp\/v2\/media?parent=623"}],"curies":[{"name":"wp","href":"https:\/\/api.w.org\/{rel}","templated":true}]}}