{"id":548,"date":"2018-09-30T22:32:10","date_gmt":"2018-09-30T22:32:10","guid":{"rendered":"http:\/\/fakultaetentag-sportwissenschaft.de\/?page_id=548"},"modified":"2018-11-29T23:36:20","modified_gmt":"2018-11-29T23:36:20","slug":"landeskonferenzen","status":"publish","type":"page","link":"https:\/\/fakultaetentag-sportwissenschaft.de\/index.php\/landeskonferenzen\/","title":{"rendered":"Landeskonferenzen"},"content":{"rendered":"<p>Auf diesen Unterseiten haben die Landeskonferenzen (kurz LaKo) die M\u00f6glichkeit,<br \/>\nArtikel zu ihrer Arbeit zu ver\u00f6ffentlichen und Dokumente an einem zentralen Ort \u00f6ffentlich zug\u00e4nglich zu sammeln.<\/p>\n<h3>Unterseiten der Landeskonferenzen<\/h3>\n<p>Sollten Sie sich als Landeskonferenz einen eigenen Unterbereich auf dieser Seite w\u00fcnschen, kontaktieren Sie bitte den <a href=\"http:\/\/fakultaetentag-sportwissenschaft.de\/index.php\/kontakt\/\">Vorstand<\/a>.<\/p>\n<p>Bestehende Unterbereiche der einzelnen Landeskonferenzen erreichen Sie \u00fcber den Men\u00fc-Reiter oben sowie \u00fcber die folgenden Verlinkungen in alphabetischer Sortierung:<\/p>\n<ul>\n<li><a href=\"http:\/\/fakultaetentag-sportwissenschaft.de\/index.php\/category\/lako-niedersachsen\/\">Landeskonferenz Niedersachsen<\/a><\/li>\n<li><a href=\"http:\/\/fakultaetentag-sportwissenschaft.de\/index.php\/category\/lako-nrw\/\">Landeskonferenz NRW<\/a><\/li>\n<\/ul>\n<p>Gerne erstellen wir weitere Unterseiten. Bitte z\u00f6gern Sie nicht, bei Fragen den\u00a0<a href=\"http:\/\/fakultaetentag-sportwissenschaft.de\/index.php\/kontakt\/\">Vorstand<\/a>\u00a0zu kontaktieren.<\/p>\n","protected":false},"excerpt":{"rendered":"<p>Auf diesen Unterseiten haben die Landeskonferenzen (kurz LaKo) die M\u00f6glichkeit, Artikel zu ihrer Arbeit zu ver\u00f6ffentlichen und Dokumente an einem zentralen Ort \u00f6ffentlich zug\u00e4nglich zu sammeln. Unterseiten der Landeskonferenzen Sollten Sie sich als Landeskonferenz einen eigenen Unterbereich auf dieser Seite w\u00fcnschen, kontaktieren Sie bitte den Vorstand. Bestehende Unterbereiche der einzelnen Landeskonferenzen erreichen Sie \u00fcber den <span class=\"ellipsis\">&hellip;<\/span> <span class=\"more-link-wrap\"><a href=\"https:\/\/fakultaetentag-sportwissenschaft.de\/index.php\/landeskonferenzen\/\" class=\"more-link\"><span>Read More &rarr;<\/span><\/a><\/span><\/p>\n","protected":false},"author":2,"featured_media":0,"parent":0,"menu_order":0,"comment_status":"closed","ping_status":"closed","template":"","meta":{"footnotes":""},"class_list":["post-548","page","type-page","status-publish","hentry"],"_links":{"self":[{"href":"https:\/\/fakultaetentag-sportwissenschaft.de\/index.php\/wp-json\/wp\/v2\/pages\/548","targetHints":{"allow":["GET"]}}],"collection":[{"href":"https:\/\/fakultaetentag-sportwissenschaft.de\/index.php\/wp-json\/wp\/v2\/pages"}],"about":[{"href":"https:\/\/fakultaetentag-sportwissenschaft.de\/index.php\/wp-json\/wp\/v2\/types\/page"}],"author":[{"embeddable":true,"href":"https:\/\/fakultaetentag-sportwissenschaft.de\/index.php\/wp-json\/wp\/v2\/users\/2"}],"replies":[{"embeddable":true,"href":"https:\/\/fakultaetentag-sportwissenschaft.de\/index.php\/wp-json\/wp\/v2\/comments?post=548"}],"version-history":[{"count":7,"href":"https:\/\/fakultaetentag-sportwissenschaft.de\/index.php\/wp-json\/wp\/v2\/pages\/548\/revisions"}],"predecessor-version":[{"id":622,"href":"https:\/\/fakultaetentag-sportwissenschaft.de\/index.php\/wp-json\/wp\/v2\/pages\/548\/revisions\/622"}],"wp:attachment":[{"href":"https:\/\/fakultaetentag-sportwissenschaft.de\/index.php\/wp-json\/wp\/v2\/media?parent=548"}],"curies":[{"name":"wp","href":"https:\/\/api.w.org\/{rel}","templated":true}]}}