{"id":276,"date":"2018-03-07T13:09:42","date_gmt":"2018-03-07T13:09:42","guid":{"rendered":"http:\/\/fakultaetentag-sportwissenschaft.de\/?page_id=276"},"modified":"2020-05-05T18:15:13","modified_gmt":"2020-05-05T18:15:13","slug":"willkommen","status":"publish","type":"page","link":"https:\/\/fakultaetentag-sportwissenschaft.de\/","title":{"rendered":"Willkommen"},"content":{"rendered":"<h3>Herzlich Willkommen<a href=\"http:\/\/fakultaetentag-sportwissenschaft.de\/wp-content\/uploads\/2017\/06\/ars_legendi_sportwissenschaften_2017-06-16_neues_rathaus_hannover.jpg\"><img loading=\"lazy\" decoding=\"async\" class=\"alignright wp-image-174\" src=\"http:\/\/fakultaetentag-sportwissenschaft.de\/wp-content\/uploads\/2017\/06\/ars_legendi_sportwissenschaften_2017-06-16_neues_rathaus_hannover-1024x576.jpg\" alt=\"\" width=\"480\" height=\"270\" srcset=\"https:\/\/fakultaetentag-sportwissenschaft.de\/wp-content\/uploads\/2017\/06\/ars_legendi_sportwissenschaften_2017-06-16_neues_rathaus_hannover-1024x576.jpg 1024w, https:\/\/fakultaetentag-sportwissenschaft.de\/wp-content\/uploads\/2017\/06\/ars_legendi_sportwissenschaften_2017-06-16_neues_rathaus_hannover-300x169.jpg 300w, https:\/\/fakultaetentag-sportwissenschaft.de\/wp-content\/uploads\/2017\/06\/ars_legendi_sportwissenschaften_2017-06-16_neues_rathaus_hannover-768x432.jpg 768w, https:\/\/fakultaetentag-sportwissenschaft.de\/wp-content\/uploads\/2017\/06\/ars_legendi_sportwissenschaften_2017-06-16_neues_rathaus_hannover.jpg 1900w\" sizes=\"auto, (max-width: 480px) 100vw, 480px\" \/><\/a>\u00a0auf der Website des Fakult\u00e4tentages Sportwissenschaft!<\/h3>\n<p>Wir vertreten die hochschulpolitischen Belange aller sportwissenschaftlichen Fakult\u00e4ten und Institute und repr\u00e4sentieren somit unsere vielf\u00e4ltige Fachkultur.<\/p>\n<p>Wir freuen uns \u00fcber Ihr Interesse und ihre Anregungen. Hierzu k\u00f6nnen Sie gerne unseren <a href=\"http:\/\/fakultaetentag-sportwissenschaft.de\/index.php\/kontakt\/\">Vorstand<\/a>\u00a0konaktieren.<\/p>\n<h5 style=\"text-align: right; line-height: 2px; margin: 0 0 5px 0;\"><\/h5>\n<p style=\"font-size: 12px; color: grey; padding-top: 1px; padding-bottom: 10px; line-height: 2px; text-align: right;\"><em>Verleihung des ersten Ars legendi-Fakult\u00e4tenpreises Sportwissenschaft 2017<\/em><\/p>\n<hr \/>\n<h3 style=\"margin-top: 25px;\">Wir freuen uns \u00fcber neue Mitglieder<a href=\"http:\/\/fakultaetentag-sportwissenschaft.de\/wp-content\/uploads\/2020\/05\/Mitglieder-auf-Landkarte_mai20.png\"><img loading=\"lazy\" decoding=\"async\" class=\"alignright wp-image-895 size-medium\" src=\"http:\/\/fakultaetentag-sportwissenschaft.de\/wp-content\/uploads\/2020\/05\/Mitglieder-auf-Landkarte_mai20-232x300.png\" alt=\"\" width=\"232\" height=\"300\" srcset=\"https:\/\/fakultaetentag-sportwissenschaft.de\/wp-content\/uploads\/2020\/05\/Mitglieder-auf-Landkarte_mai20-232x300.png 232w, https:\/\/fakultaetentag-sportwissenschaft.de\/wp-content\/uploads\/2020\/05\/Mitglieder-auf-Landkarte_mai20.png 625w\" sizes=\"auto, (max-width: 232px) 100vw, 232px\" \/><\/a><\/h3>\n<p>Bitte kontaktieren Sie den <a href=\"http:\/\/fakultaetentag-sportwissenschaft.de\/index.php\/kontakt\/\">Vorstand<\/a>, um sich \u00fcber die M\u00f6glichkeiten einer Mitgliedschaft im Fakult\u00e4tentag Sportwissenschaft zu informieren.<\/p>\n<p>&nbsp;<\/p>\n<p>&nbsp;<\/p>\n<p>&nbsp;<\/p>\n<p>&nbsp;<\/p>\n<p>&nbsp;<\/p>\n<h5 style=\"text-align: right; line-height: 2px; margin: 0 0 5px 0;\"><\/h5>\n<p style=\"text-align: right; font-size: 12px; padding-top: 1px; line-height: 2px; margin: 0 0 5px 0; color: grey;\"><em>Mitglieder des FSW im Mai 2020<\/em><\/p>\n<p style=\"text-align: right; font-size: 10px; padding-top: 1px; color: grey;\"><em>(mod. nach:\u00a0http:\/\/www.sportwissenschaft.de\/index.php?id=1339)<\/em><\/p>\n","protected":false},"excerpt":{"rendered":"<p>Herzlich Willkommen\u00a0auf der Website des Fakult\u00e4tentages Sportwissenschaft! Wir vertreten die hochschulpolitischen Belange aller sportwissenschaftlichen Fakult\u00e4ten und Institute und repr\u00e4sentieren somit unsere vielf\u00e4ltige Fachkultur. Wir freuen uns \u00fcber Ihr Interesse und ihre Anregungen. Hierzu k\u00f6nnen Sie gerne unseren Vorstand\u00a0konaktieren. Verleihung des ersten Ars legendi-Fakult\u00e4tenpreises Sportwissenschaft 2017 Wir freuen uns \u00fcber neue Mitglieder Bitte kontaktieren Sie den <span class=\"ellipsis\">&hellip;<\/span> <span class=\"more-link-wrap\"><a href=\"https:\/\/fakultaetentag-sportwissenschaft.de\/\" class=\"more-link\"><span>Read More &rarr;<\/span><\/a><\/span><\/p>\n","protected":false},"author":2,"featured_media":0,"parent":0,"menu_order":0,"comment_status":"closed","ping_status":"closed","template":"","meta":{"footnotes":""},"class_list":["post-276","page","type-page","status-publish","hentry"],"_links":{"self":[{"href":"https:\/\/fakultaetentag-sportwissenschaft.de\/index.php\/wp-json\/wp\/v2\/pages\/276","targetHints":{"allow":["GET"]}}],"collection":[{"href":"https:\/\/fakultaetentag-sportwissenschaft.de\/index.php\/wp-json\/wp\/v2\/pages"}],"about":[{"href":"https:\/\/fakultaetentag-sportwissenschaft.de\/index.php\/wp-json\/wp\/v2\/types\/page"}],"author":[{"embeddable":true,"href":"https:\/\/fakultaetentag-sportwissenschaft.de\/index.php\/wp-json\/wp\/v2\/users\/2"}],"replies":[{"embeddable":true,"href":"https:\/\/fakultaetentag-sportwissenschaft.de\/index.php\/wp-json\/wp\/v2\/comments?post=276"}],"version-history":[{"count":29,"href":"https:\/\/fakultaetentag-sportwissenschaft.de\/index.php\/wp-json\/wp\/v2\/pages\/276\/revisions"}],"predecessor-version":[{"id":897,"href":"https:\/\/fakultaetentag-sportwissenschaft.de\/index.php\/wp-json\/wp\/v2\/pages\/276\/revisions\/897"}],"wp:attachment":[{"href":"https:\/\/fakultaetentag-sportwissenschaft.de\/index.php\/wp-json\/wp\/v2\/media?parent=276"}],"curies":[{"name":"wp","href":"https:\/\/api.w.org\/{rel}","templated":true}]}}